{"id":594,"date":"2019-04-06T15:47:30","date_gmt":"2019-04-06T13:47:30","guid":{"rendered":"https:\/\/siedlerverein-wittgensdorf.de\/?page_id=594"},"modified":"2019-09-24T20:25:26","modified_gmt":"2019-09-24T18:25:26","slug":"hifsaufruf-wer-kann-unterstuetzen","status":"publish","type":"page","link":"https:\/\/siedlerverein-wittgensdorf.de\/index.php\/hifsaufruf-wer-kann-unterstuetzen\/","title":{"rendered":"Hifsaufruf &#8211; wer kann unterst\u00fctzen?"},"content":{"rendered":"<p>F\u00fcr unser Projekt &#8222;K\u00fcchenrenovierung&#8220; ben\u00f6tigen wir noch Unterst\u00fctzung. Wer kann uns helfen:<\/p>\n<ul>\n<li>Verlegung von Steckdosen, Schalter und Lampe<\/li>\n<li>Spachtelarbeiten<\/li>\n<li>Verputzen von W\u00e4nden<\/li>\n<li>Wer kann Gardinen n\u00e4hen?<\/li>\n<li>u.v.m.<\/li>\n<li>Wer kann unsere alten Gartenb\u00e4nke aufarbeiten? (abschleifen &amp; neu anstreichen)<\/li>\n<\/ul>\n<p>&nbsp;<\/p>\n<p>Sprecht uns an, wir freuen uns \u00fcber jede helfende Hand.<\/p>\n","protected":false},"excerpt":{"rendered":"<p>F\u00fcr unser Projekt &#8222;K\u00fcchenrenovierung&#8220; ben\u00f6tigen wir noch Unterst\u00fctzung. Wer kann uns helfen: Verlegung von Steckdosen, Schalter und Lampe Spachtelarbeiten Verputzen von W\u00e4nden Wer kann Gardinen n\u00e4hen? u.v.m. Wer kann unsere alten Gartenb\u00e4nke aufarbeiten? (abschleifen &amp; neu anstreichen) &nbsp; Sprecht uns an, wir freuen uns \u00fcber jede helfende Hand.<\/p>\n","protected":false},"author":2,"featured_media":0,"parent":0,"menu_order":0,"comment_status":"closed","ping_status":"closed","template":"","meta":{"footnotes":""},"class_list":["post-594","page","type-page","status-publish"],"_links":{"self":[{"href":"https:\/\/siedlerverein-wittgensdorf.de\/index.php\/wp-json\/wp\/v2\/pages\/594"}],"collection":[{"href":"https:\/\/siedlerverein-wittgensdorf.de\/index.php\/wp-json\/wp\/v2\/pages"}],"about":[{"href":"https:\/\/siedlerverein-wittgensdorf.de\/index.php\/wp-json\/wp\/v2\/types\/page"}],"author":[{"embeddable":true,"href":"https:\/\/siedlerverein-wittgensdorf.de\/index.php\/wp-json\/wp\/v2\/users\/2"}],"replies":[{"embeddable":true,"href":"https:\/\/siedlerverein-wittgensdorf.de\/index.php\/wp-json\/wp\/v2\/comments?post=594"}],"version-history":[{"count":2,"href":"https:\/\/siedlerverein-wittgensdorf.de\/index.php\/wp-json\/wp\/v2\/pages\/594\/revisions"}],"predecessor-version":[{"id":788,"href":"https:\/\/siedlerverein-wittgensdorf.de\/index.php\/wp-json\/wp\/v2\/pages\/594\/revisions\/788"}],"wp:attachment":[{"href":"https:\/\/siedlerverein-wittgensdorf.de\/index.php\/wp-json\/wp\/v2\/media?parent=594"}],"curies":[{"name":"wp","href":"https:\/\/api.w.org\/{rel}","templated":true}]}}