{"id":577,"date":"2019-04-06T15:40:36","date_gmt":"2019-04-06T13:40:36","guid":{"rendered":"https:\/\/siedlerverein-wittgensdorf.de\/?page_id=577"},"modified":"2019-05-03T18:27:43","modified_gmt":"2019-05-03T16:27:43","slug":"kuechenrenovierung-teil-2-6-4-19","status":"publish","type":"page","link":"https:\/\/siedlerverein-wittgensdorf.de\/index.php\/kuechenrenovierung-teil-2-6-4-19\/","title":{"rendered":"K\u00fcchenrenovierung Teil 1 (6.4.19)"},"content":{"rendered":"<p>Ihr kennt Sie noch: Unsere \u201ealte\u201c Einbauk\u00fcche.<\/p>\n<p>Ehemals liebevoll eingebaut und eingerichtet, hat sie uns bei vielen Vereinsfesten in den letzten Jahrzehnten sehr gute Dienste geleistet. Doch der Zahn der Zeit &amp; vor Allem die Feuchtigkeit der W\u00e4nde hat ihr arg zu gesetzt.<\/p>\n<p>&nbsp;<\/p>\n<p>Am 6.4. war es dann soweit: Die K\u00fcche musste r\u00fcckgebaut werden, um eine Wandtrockenlegung m\u00f6glich zu machen.\u00a0Fast 20 Helfer sind unserem Hilfsaufruf gefolgt und haben ihren Samstagvormittag f\u00fcr unser gemeinsames Projekt &#8222;K\u00fcchenrenovierung&#8220; genutzt.<\/p>\n<p>Darum ging es ganz schnell und die alte K\u00fcche war ausger\u00e4umt, das alte K\u00fcchenm\u00f6bel r\u00fcckgebaut und entsorgt.<\/p>\n<figure id=\"attachment_579\" aria-describedby=\"caption-attachment-579\" style=\"width: 340px\" class=\"wp-caption aligncenter\"><img loading=\"lazy\" decoding=\"async\" class=\"wp-image-579\" src=\"https:\/\/siedlerverein-wittgensdorf.de\/wp-content\/uploads\/2019\/04\/IMG_6534-e1554557061427-225x300.jpg\" alt=\"\" width=\"350\" height=\"467\" srcset=\"https:\/\/siedlerverein-wittgensdorf.de\/wp-content\/uploads\/2019\/04\/IMG_6534-e1554557061427-225x300.jpg 225w, https:\/\/siedlerverein-wittgensdorf.de\/wp-content\/uploads\/2019\/04\/IMG_6534-e1554557061427-768x1024.jpg 768w, https:\/\/siedlerverein-wittgensdorf.de\/wp-content\/uploads\/2019\/04\/IMG_6534-e1554557061427.jpg 1224w\" sizes=\"(max-width: 350px) 100vw, 350px\" \/><figcaption id=\"caption-attachment-579\" class=\"wp-caption-text\">So sah die K\u00fcche vorher aus<\/figcaption><\/figure>\n<figure id=\"attachment_580\" aria-describedby=\"caption-attachment-580\" style=\"width: 340px\" class=\"wp-caption aligncenter\"><img loading=\"lazy\" decoding=\"async\" class=\"wp-image-580\" src=\"https:\/\/siedlerverein-wittgensdorf.de\/wp-content\/uploads\/2019\/04\/IMG_6535-e1554557105397-225x300.jpg\" alt=\"\" width=\"350\" height=\"467\" srcset=\"https:\/\/siedlerverein-wittgensdorf.de\/wp-content\/uploads\/2019\/04\/IMG_6535-e1554557105397-225x300.jpg 225w, https:\/\/siedlerverein-wittgensdorf.de\/wp-content\/uploads\/2019\/04\/IMG_6535-e1554557105397-768x1024.jpg 768w, https:\/\/siedlerverein-wittgensdorf.de\/wp-content\/uploads\/2019\/04\/IMG_6535-e1554557105397.jpg 1224w\" sizes=\"(max-width: 350px) 100vw, 350px\" \/><figcaption id=\"caption-attachment-580\" class=\"wp-caption-text\">\u2026 und so!<\/figcaption><\/figure>\n<p>Anschlie\u00dfend ging es daran, das angelieferte Baumaterial zu verbauen.<\/p>\n<p>Ein Teil der Helfer bauten aus Trockenbauw\u00e4nden einen neuen Abstellraum in der K\u00fcche, der andere Teil bohrte ca. 10m Bohrl\u00f6cher in die Wand, um die anschlie\u00dfende Trockenlegung vorzubereiten.<\/p>\n<p>&nbsp;<\/p>\n<figure id=\"attachment_578\" aria-describedby=\"caption-attachment-578\" style=\"width: 1014px\" class=\"wp-caption aligncenter\"><img loading=\"lazy\" decoding=\"async\" class=\"wp-image-578 size-large\" src=\"https:\/\/siedlerverein-wittgensdorf.de\/wp-content\/uploads\/2019\/04\/IMG_6533-1024x768.jpg\" alt=\"\" width=\"1024\" height=\"768\" srcset=\"https:\/\/siedlerverein-wittgensdorf.de\/wp-content\/uploads\/2019\/04\/IMG_6533-1024x768.jpg 1024w, https:\/\/siedlerverein-wittgensdorf.de\/wp-content\/uploads\/2019\/04\/IMG_6533-300x225.jpg 300w, https:\/\/siedlerverein-wittgensdorf.de\/wp-content\/uploads\/2019\/04\/IMG_6533-768x576.jpg 768w, https:\/\/siedlerverein-wittgensdorf.de\/wp-content\/uploads\/2019\/04\/IMG_6533.jpg 1632w\" sizes=\"(max-width: 1024px) 100vw, 1024px\" \/><figcaption id=\"caption-attachment-578\" class=\"wp-caption-text\">Diese Menge an Baustoffen galt es zu verbauen!<\/figcaption><\/figure>\n<p>&nbsp;<\/p>\n<p><img loading=\"lazy\" decoding=\"async\" class=\"aligncenter wp-image-581\" src=\"https:\/\/siedlerverein-wittgensdorf.de\/wp-content\/uploads\/2019\/04\/IMG_6590-e1554557455342-225x300.jpg\" alt=\"\" width=\"350\" height=\"467\" srcset=\"https:\/\/siedlerverein-wittgensdorf.de\/wp-content\/uploads\/2019\/04\/IMG_6590-e1554557455342-225x300.jpg 225w, https:\/\/siedlerverein-wittgensdorf.de\/wp-content\/uploads\/2019\/04\/IMG_6590-e1554557455342-768x1024.jpg 768w, https:\/\/siedlerverein-wittgensdorf.de\/wp-content\/uploads\/2019\/04\/IMG_6590-e1554557455342.jpg 1224w\" sizes=\"(max-width: 350px) 100vw, 350px\" \/><\/p>\n<p>Arbeiten macht hungrig. Viele Unterst\u00fctzer haben an uns gedacht und mit unterschiedlichen Leckereien versorgt: leckere Kuchen, W\u00fcrstchen &amp; Nudelsalat u.v.m. Danke daf\u00fcr!<\/p>\n<figure id=\"attachment_582\" aria-describedby=\"caption-attachment-582\" style=\"width: 340px\" class=\"wp-caption aligncenter\"><img loading=\"lazy\" decoding=\"async\" class=\"wp-image-582\" src=\"https:\/\/siedlerverein-wittgensdorf.de\/wp-content\/uploads\/2019\/04\/IMG_6617-e1554557181784-225x300.jpg\" alt=\"\" width=\"350\" height=\"467\" srcset=\"https:\/\/siedlerverein-wittgensdorf.de\/wp-content\/uploads\/2019\/04\/IMG_6617-e1554557181784-225x300.jpg 225w, https:\/\/siedlerverein-wittgensdorf.de\/wp-content\/uploads\/2019\/04\/IMG_6617-e1554557181784-768x1024.jpg 768w, https:\/\/siedlerverein-wittgensdorf.de\/wp-content\/uploads\/2019\/04\/IMG_6617-e1554557181784.jpg 1224w\" sizes=\"(max-width: 350px) 100vw, 350px\" \/><figcaption id=\"caption-attachment-582\" class=\"wp-caption-text\">Herrlich .. viele Unterst\u00fctzer haben sogar f\u00fcr die Verpflegung der Bauarbeiter gesorgt!<\/figcaption><\/figure>\n<p>Das Ergebnis kann sich sehen lassen: Der neue Abstellraum ist schon erkennbar!<\/p>\n<figure id=\"attachment_583\" aria-describedby=\"caption-attachment-583\" style=\"width: 340px\" class=\"wp-caption aligncenter\"><img loading=\"lazy\" decoding=\"async\" class=\"wp-image-583\" src=\"https:\/\/siedlerverein-wittgensdorf.de\/wp-content\/uploads\/2019\/04\/IMG_6624-e1554557227887-768x1024.jpg\" alt=\"\" width=\"350\" height=\"467\" srcset=\"https:\/\/siedlerverein-wittgensdorf.de\/wp-content\/uploads\/2019\/04\/IMG_6624-e1554557227887-768x1024.jpg 768w, https:\/\/siedlerverein-wittgensdorf.de\/wp-content\/uploads\/2019\/04\/IMG_6624-e1554557227887-225x300.jpg 225w, https:\/\/siedlerverein-wittgensdorf.de\/wp-content\/uploads\/2019\/04\/IMG_6624-e1554557227887.jpg 1224w\" sizes=\"(max-width: 350px) 100vw, 350px\" \/><figcaption id=\"caption-attachment-583\" class=\"wp-caption-text\">Das Ergebnis \u00fcberzeugt: Der Abstellraum ist schon erkennbar<\/figcaption><\/figure>\n<h3>Der gesamte Vorstand dankt Euch flei\u00dfigen Helfern! Wir sind stolz auf Euch!<\/h3>\n<h1><\/h1>\n<h4 style=\"text-align: center;\">hier geht&#8217;s weiter: &#8211;&gt;<a href=\"https:\/\/siedlerverein-wittgensdorf.de\/index.php\/kuechenrenovierung-teil-2\/\"><span style=\"color: #0000ff;\">klick<\/span> <\/a>&lt;&#8212;<\/h4>\n<p>&nbsp;<\/p>\n","protected":false},"excerpt":{"rendered":"<p>Ihr kennt Sie noch: Unsere \u201ealte\u201c Einbauk\u00fcche. Ehemals liebevoll eingebaut und eingerichtet, hat sie uns bei vielen Vereinsfesten in den letzten Jahrzehnten sehr gute Dienste geleistet. Doch der Zahn der Zeit &amp; vor Allem die Feuchtigkeit der W\u00e4nde hat ihr arg zu gesetzt. &nbsp; Am 6.4. war es dann soweit: Die K\u00fcche musste r\u00fcckgebaut werden, &#8230; <a title=\"K\u00fcchenrenovierung Teil 1 (6.4.19)\" class=\"read-more\" href=\"https:\/\/siedlerverein-wittgensdorf.de\/index.php\/kuechenrenovierung-teil-2-6-4-19\/\" aria-label=\"Mehr Informationen \u00fcber K\u00fcchenrenovierung Teil 1 (6.4.19)\">Weiterlesen<\/a><\/p>\n","protected":false},"author":2,"featured_media":0,"parent":0,"menu_order":0,"comment_status":"closed","ping_status":"closed","template":"","meta":{"footnotes":""},"class_list":["post-577","page","type-page","status-publish"],"_links":{"self":[{"href":"https:\/\/siedlerverein-wittgensdorf.de\/index.php\/wp-json\/wp\/v2\/pages\/577"}],"collection":[{"href":"https:\/\/siedlerverein-wittgensdorf.de\/index.php\/wp-json\/wp\/v2\/pages"}],"about":[{"href":"https:\/\/siedlerverein-wittgensdorf.de\/index.php\/wp-json\/wp\/v2\/types\/page"}],"author":[{"embeddable":true,"href":"https:\/\/siedlerverein-wittgensdorf.de\/index.php\/wp-json\/wp\/v2\/users\/2"}],"replies":[{"embeddable":true,"href":"https:\/\/siedlerverein-wittgensdorf.de\/index.php\/wp-json\/wp\/v2\/comments?post=577"}],"version-history":[{"count":12,"href":"https:\/\/siedlerverein-wittgensdorf.de\/index.php\/wp-json\/wp\/v2\/pages\/577\/revisions"}],"predecessor-version":[{"id":650,"href":"https:\/\/siedlerverein-wittgensdorf.de\/index.php\/wp-json\/wp\/v2\/pages\/577\/revisions\/650"}],"wp:attachment":[{"href":"https:\/\/siedlerverein-wittgensdorf.de\/index.php\/wp-json\/wp\/v2\/media?parent=577"}],"curies":[{"name":"wp","href":"https:\/\/api.w.org\/{rel}","templated":true}]}}