{"id":415,"date":"2019-01-19T15:32:14","date_gmt":"2019-01-19T14:32:14","guid":{"rendered":"https:\/\/siedlerverein-wittgensdorf.de\/?page_id=415"},"modified":"2019-01-19T16:30:23","modified_gmt":"2019-01-19T15:30:23","slug":"einladung-zum-wintergrillen-fuer-die-fleissigen-helfer-aus-2018","status":"publish","type":"page","link":"https:\/\/siedlerverein-wittgensdorf.de\/index.php\/einladung-zum-wintergrillen-fuer-die-fleissigen-helfer-aus-2018\/","title":{"rendered":"Einladung zum Wintergrillen f\u00fcr die flei\u00dfigen Helfer aus 2018"},"content":{"rendered":"<p><img loading=\"lazy\" decoding=\"async\" class=\" wp-image-407 aligncenter\" style=\"height: 209px; text-align: left; color: #333333; text-transform: none; text-indent: 0px; letter-spacing: normal; font-size: 16px; font-style: normal; font-variant: normal; font-weight: 400; text-decoration: none; word-spacing: 0px; white-space: normal; max-width: 1060px; orphans: 2; -webkit-text-stroke-width: 0px; background-color: transparent;\" src=\"https:\/\/siedlerverein-wittgensdorf.de\/wp-content\/uploads\/2019\/01\/Wintergrillen.jpg\" alt=\"\" width=\"271\" height=\"164\" \/>Da die ereignisreiche Zeit von Weihnachten und Silvester vorbei ist, wird es Zeit, ein Versprechen einzul\u00f6sen.<\/p>\n<p><img width=\"89\" height=\"89\" align=\"left\" hspace=\"12\" \/><\/p>\n<p align=\"center\"><strong>Wir m\u00f6chten Euch flei\u00dfige Helfer und nat\u00fcrlich Eure Familien zum Grillen einladen:<\/strong><\/p>\n<p align=\"center\"><strong>08.02.2019 ab 18:00Uhr im Siedlerheim<\/strong><\/p>\n<p style=\"text-align: center;\" align=\"center\">Neben Steaks und Rostern wollen wir Euch nat\u00fcrlich auch alkoholische und alkoholfreie Getr\u00e4nke spendieren. Wir freuen uns auf Euch!<\/p>\n<p style=\"text-align: center;\">Bitte gebt uns f\u00fcr die Planung bis zum 01.02.2019 Bescheid, ob Ihr kommen k\u00f6nnt.<\/p>\n","protected":false},"excerpt":{"rendered":"<p>Da die ereignisreiche Zeit von Weihnachten und Silvester vorbei ist, wird es Zeit, ein Versprechen einzul\u00f6sen. Wir m\u00f6chten Euch flei\u00dfige Helfer und nat\u00fcrlich Eure Familien zum Grillen einladen: 08.02.2019 ab 18:00Uhr im Siedlerheim Neben Steaks und Rostern wollen wir Euch nat\u00fcrlich auch alkoholische und alkoholfreie Getr\u00e4nke spendieren. Wir freuen uns auf Euch! Bitte gebt uns &#8230; <a title=\"Einladung zum Wintergrillen f\u00fcr die flei\u00dfigen Helfer aus 2018\" class=\"read-more\" href=\"https:\/\/siedlerverein-wittgensdorf.de\/index.php\/einladung-zum-wintergrillen-fuer-die-fleissigen-helfer-aus-2018\/\" aria-label=\"Mehr Informationen \u00fcber Einladung zum Wintergrillen f\u00fcr die flei\u00dfigen Helfer aus 2018\">Weiterlesen<\/a><\/p>\n","protected":false},"author":2,"featured_media":0,"parent":0,"menu_order":0,"comment_status":"closed","ping_status":"closed","template":"","meta":{"footnotes":""},"class_list":["post-415","page","type-page","status-publish"],"_links":{"self":[{"href":"https:\/\/siedlerverein-wittgensdorf.de\/index.php\/wp-json\/wp\/v2\/pages\/415"}],"collection":[{"href":"https:\/\/siedlerverein-wittgensdorf.de\/index.php\/wp-json\/wp\/v2\/pages"}],"about":[{"href":"https:\/\/siedlerverein-wittgensdorf.de\/index.php\/wp-json\/wp\/v2\/types\/page"}],"author":[{"embeddable":true,"href":"https:\/\/siedlerverein-wittgensdorf.de\/index.php\/wp-json\/wp\/v2\/users\/2"}],"replies":[{"embeddable":true,"href":"https:\/\/siedlerverein-wittgensdorf.de\/index.php\/wp-json\/wp\/v2\/comments?post=415"}],"version-history":[{"count":3,"href":"https:\/\/siedlerverein-wittgensdorf.de\/index.php\/wp-json\/wp\/v2\/pages\/415\/revisions"}],"predecessor-version":[{"id":423,"href":"https:\/\/siedlerverein-wittgensdorf.de\/index.php\/wp-json\/wp\/v2\/pages\/415\/revisions\/423"}],"wp:attachment":[{"href":"https:\/\/siedlerverein-wittgensdorf.de\/index.php\/wp-json\/wp\/v2\/media?parent=415"}],"curies":[{"name":"wp","href":"https:\/\/api.w.org\/{rel}","templated":true}]}}