{"id":370,"date":"2019-01-21T19:23:35","date_gmt":"2019-01-21T18:23:35","guid":{"rendered":"https:\/\/siedlerverein-wittgensdorf.de\/?page_id=370"},"modified":"2019-02-25T07:58:50","modified_gmt":"2019-02-25T06:58:50","slug":"jahreshauptversammlung-2019","status":"publish","type":"page","link":"https:\/\/siedlerverein-wittgensdorf.de\/index.php\/jahreshauptversammlung-2019\/","title":{"rendered":"Jahreshauptversammlung 2019"},"content":{"rendered":"<p>Wir laden unsere Vereinsmitglieder mit Ehepartnern herzlich ein zur diesj\u00e4hrigen Jahreshauptversammlung.<\/p>\n<p>&nbsp;<\/p>\n<p style=\"text-align: center;\"><strong><u>Freitag, 22. M\u00e4rz 2019, 19Uhr im Siedlerheim<\/u><\/strong><\/p>\n<p>&nbsp;<\/p>\n<p><u>Tagesordnung: <\/u><\/p>\n<ol>\n<li>Jahresbericht 2018 des Vorsitzenden<\/li>\n<li>Gesch\u00e4ftsbericht 2018 der Schatzmeisterin<\/li>\n<li>Kassenpr\u00fcfbericht der Revisionskommission<\/li>\n<li>Ausblick auf 2019<\/li>\n<\/ol>\n<ul>\n<li>Bauvorhaben zur Sanierung des Siedlerheimes<\/li>\n<li>Veranstaltungen<\/li>\n<\/ul>\n<ol start=\"5\">\n<li>Anfragen an den Vorstand, Vorschl\u00e4ge und Diskussion<\/li>\n<\/ol>\n<p>&nbsp;<\/p>\n<p>&nbsp;<\/p>\n<p>Wir bitten um zahlreiche Teilnahme und p\u00fcnktliches Erscheinen.<\/p>\n<p>F\u00fcr einen kleinen Imbiss und Getr\u00e4nke ist gesorgt.<\/p>\n<p>&nbsp;<\/p>\n<p>&nbsp;<\/p>\n<p>Wittgensdorf, 12.2.2019<\/p>\n<p>Der Vorstand<\/p>\n","protected":false},"excerpt":{"rendered":"<p>Wir laden unsere Vereinsmitglieder mit Ehepartnern herzlich ein zur diesj\u00e4hrigen Jahreshauptversammlung. &nbsp; Freitag, 22. M\u00e4rz 2019, 19Uhr im Siedlerheim &nbsp; Tagesordnung: Jahresbericht 2018 des Vorsitzenden Gesch\u00e4ftsbericht 2018 der Schatzmeisterin Kassenpr\u00fcfbericht der Revisionskommission Ausblick auf 2019 Bauvorhaben zur Sanierung des Siedlerheimes Veranstaltungen Anfragen an den Vorstand, Vorschl\u00e4ge und Diskussion &nbsp; &nbsp; Wir bitten um zahlreiche Teilnahme &#8230; <a title=\"Jahreshauptversammlung 2019\" class=\"read-more\" href=\"https:\/\/siedlerverein-wittgensdorf.de\/index.php\/jahreshauptversammlung-2019\/\" aria-label=\"Mehr Informationen \u00fcber Jahreshauptversammlung 2019\">Weiterlesen<\/a><\/p>\n","protected":false},"author":2,"featured_media":0,"parent":0,"menu_order":0,"comment_status":"closed","ping_status":"closed","template":"","meta":{"footnotes":""},"class_list":["post-370","page","type-page","status-publish"],"_links":{"self":[{"href":"https:\/\/siedlerverein-wittgensdorf.de\/index.php\/wp-json\/wp\/v2\/pages\/370"}],"collection":[{"href":"https:\/\/siedlerverein-wittgensdorf.de\/index.php\/wp-json\/wp\/v2\/pages"}],"about":[{"href":"https:\/\/siedlerverein-wittgensdorf.de\/index.php\/wp-json\/wp\/v2\/types\/page"}],"author":[{"embeddable":true,"href":"https:\/\/siedlerverein-wittgensdorf.de\/index.php\/wp-json\/wp\/v2\/users\/2"}],"replies":[{"embeddable":true,"href":"https:\/\/siedlerverein-wittgensdorf.de\/index.php\/wp-json\/wp\/v2\/comments?post=370"}],"version-history":[{"count":11,"href":"https:\/\/siedlerverein-wittgensdorf.de\/index.php\/wp-json\/wp\/v2\/pages\/370\/revisions"}],"predecessor-version":[{"id":522,"href":"https:\/\/siedlerverein-wittgensdorf.de\/index.php\/wp-json\/wp\/v2\/pages\/370\/revisions\/522"}],"wp:attachment":[{"href":"https:\/\/siedlerverein-wittgensdorf.de\/index.php\/wp-json\/wp\/v2\/media?parent=370"}],"curies":[{"name":"wp","href":"https:\/\/api.w.org\/{rel}","templated":true}]}}