{"id":20,"date":"2018-10-29T22:01:21","date_gmt":"2018-10-29T21:01:21","guid":{"rendered":"https:\/\/siedlerverein-wittgensdorf.de\/?page_id=20"},"modified":"2023-06-06T12:57:18","modified_gmt":"2023-06-06T10:57:18","slug":"mitglied-werden","status":"publish","type":"page","link":"https:\/\/siedlerverein-wittgensdorf.de\/index.php\/mitglied-werden\/","title":{"rendered":"Mitglied werden"},"content":{"rendered":"<div class=\"text cf design-01\">\n<div class=\"text-content\">\n<p>Hier k\u00f6nnen Sie den Aufnahmeantrag herunterladen:<\/p>\n<p><a href=\"https:\/\/siedlerverein-wittgensdorf.de\/wp-content\/uploads\/2018\/10\/Aufnahmeantrag_20181.pdf\">Aufnahmeantrag<\/a><\/p>\n<div>Durch eine Mitgliedschaft im Gemeinn\u00fctzigen Siedlerverein Wittgensdorf e.V. haben Sie unter anderem folgende Vorteile:<\/div>\n<ul>\n<li>aktuelle Informationen zu Veranstaltungen<\/li>\n<li>Teilnahmeberechtigt an Mitgliederversammlungen<\/li>\n<li>g\u00fcnstiger Mietkonditionen f\u00fcr das Siedlerheim \/ Biertischgarnituren<\/li>\n<li>F\u00f6rderung und St\u00e4rkung der Siedlung<\/li>\n<\/ul>\n<div>Den ausgef\u00fcllten und unterschriebenen Aufnahmeantrag k\u00f6nnen sie per <a href=\"mailto:antrag@siedlerverein-wittgensdorf.de?subject=Mitgliedsantrag Gemeinn\u00fctziger Siedlerverein Wittgensdorf e.V.\">E-Mail<\/a> an uns senden, in den Briefkasten am Siedlerheim einwerfen oder pers\u00f6nlich beim Vorstand abgeben.<\/div>\n<p>&nbsp;<\/p>\n<p>Vielen Dank und bis bald als Mitglied.<\/p>\n<\/div>\n<\/div>\n","protected":false},"excerpt":{"rendered":"<p>Hier k\u00f6nnen Sie den Aufnahmeantrag herunterladen: Aufnahmeantrag Durch eine Mitgliedschaft im Gemeinn\u00fctzigen Siedlerverein Wittgensdorf e.V. haben Sie unter anderem folgende Vorteile: aktuelle Informationen zu Veranstaltungen Teilnahmeberechtigt an Mitgliederversammlungen g\u00fcnstiger Mietkonditionen f\u00fcr das Siedlerheim \/ Biertischgarnituren F\u00f6rderung und St\u00e4rkung der Siedlung Den ausgef\u00fcllten und unterschriebenen Aufnahmeantrag k\u00f6nnen sie per E-Mail an uns senden, in den Briefkasten &#8230; <a title=\"Mitglied werden\" class=\"read-more\" href=\"https:\/\/siedlerverein-wittgensdorf.de\/index.php\/mitglied-werden\/\" aria-label=\"Mehr Informationen \u00fcber Mitglied werden\">Weiterlesen<\/a><\/p>\n","protected":false},"author":2,"featured_media":0,"parent":0,"menu_order":0,"comment_status":"closed","ping_status":"closed","template":"","meta":{"footnotes":""},"class_list":["post-20","page","type-page","status-publish"],"_links":{"self":[{"href":"https:\/\/siedlerverein-wittgensdorf.de\/index.php\/wp-json\/wp\/v2\/pages\/20"}],"collection":[{"href":"https:\/\/siedlerverein-wittgensdorf.de\/index.php\/wp-json\/wp\/v2\/pages"}],"about":[{"href":"https:\/\/siedlerverein-wittgensdorf.de\/index.php\/wp-json\/wp\/v2\/types\/page"}],"author":[{"embeddable":true,"href":"https:\/\/siedlerverein-wittgensdorf.de\/index.php\/wp-json\/wp\/v2\/users\/2"}],"replies":[{"embeddable":true,"href":"https:\/\/siedlerverein-wittgensdorf.de\/index.php\/wp-json\/wp\/v2\/comments?post=20"}],"version-history":[{"count":7,"href":"https:\/\/siedlerverein-wittgensdorf.de\/index.php\/wp-json\/wp\/v2\/pages\/20\/revisions"}],"predecessor-version":[{"id":1336,"href":"https:\/\/siedlerverein-wittgensdorf.de\/index.php\/wp-json\/wp\/v2\/pages\/20\/revisions\/1336"}],"wp:attachment":[{"href":"https:\/\/siedlerverein-wittgensdorf.de\/index.php\/wp-json\/wp\/v2\/media?parent=20"}],"curies":[{"name":"wp","href":"https:\/\/api.w.org\/{rel}","templated":true}]}}