{"id":2,"date":"2018-10-29T21:45:14","date_gmt":"2018-10-29T20:45:14","guid":{"rendered":"https:\/\/siedlerverein-wittgensdorf.de\/?page_id=2"},"modified":"2019-02-03T19:38:08","modified_gmt":"2019-02-03T18:38:08","slug":"beispiel-seite","status":"publish","type":"page","link":"https:\/\/siedlerverein-wittgensdorf.de\/index.php\/beispiel-seite\/","title":{"rendered":"\u00dcber uns"},"content":{"rendered":"<p>Der Gemeinn\u00fctzige Siedlungsverein Wittgensdorf e.V. unterst\u00fctzt und f\u00f6rdert seine Mitglieder u.A. in folgenden Bereichen:<\/p>\n<ul>\n<li>Unterst\u00fctzung bei der Gestaltung und Nutzung der Siedlungsgrundst\u00fccke durch Fachberatung und praktische Unterst\u00fctzung<\/li>\n<li>Unterst\u00fctzung bei der Kleintierzucht und -haltung<\/li>\n<li>F\u00f6rderung der Umwelt-, Natur- und Heimatverbundenheit<\/li>\n<li>Freizeitgestaltung der Siedler, der Jugend und der Kinder<\/li>\n<li>gemeinsame Erlebnisse und Feste<\/li>\n<li>Vermittlung der Liebe zur Natur<\/li>\n<li>Verleih \/ Vermietung des Siedlerheimes f\u00fcr private Feierlichkeiten und\/oder von Biertischgarnituren<\/li>\n<\/ul>\n","protected":false},"excerpt":{"rendered":"<p>Der Gemeinn\u00fctzige Siedlungsverein Wittgensdorf e.V. unterst\u00fctzt und f\u00f6rdert seine Mitglieder u.A. in folgenden Bereichen: Unterst\u00fctzung bei der Gestaltung und Nutzung der Siedlungsgrundst\u00fccke durch Fachberatung und praktische Unterst\u00fctzung Unterst\u00fctzung bei der Kleintierzucht und -haltung F\u00f6rderung der Umwelt-, Natur- und Heimatverbundenheit Freizeitgestaltung der Siedler, der Jugend und der Kinder gemeinsame Erlebnisse und Feste Vermittlung der Liebe zur &#8230; <a title=\"\u00dcber uns\" class=\"read-more\" href=\"https:\/\/siedlerverein-wittgensdorf.de\/index.php\/beispiel-seite\/\" aria-label=\"Mehr Informationen \u00fcber \u00dcber uns\">Weiterlesen<\/a><\/p>\n","protected":false},"author":2,"featured_media":0,"parent":0,"menu_order":0,"comment_status":"closed","ping_status":"closed","template":"","meta":{"footnotes":""},"class_list":["post-2","page","type-page","status-publish"],"_links":{"self":[{"href":"https:\/\/siedlerverein-wittgensdorf.de\/index.php\/wp-json\/wp\/v2\/pages\/2"}],"collection":[{"href":"https:\/\/siedlerverein-wittgensdorf.de\/index.php\/wp-json\/wp\/v2\/pages"}],"about":[{"href":"https:\/\/siedlerverein-wittgensdorf.de\/index.php\/wp-json\/wp\/v2\/types\/page"}],"author":[{"embeddable":true,"href":"https:\/\/siedlerverein-wittgensdorf.de\/index.php\/wp-json\/wp\/v2\/users\/2"}],"replies":[{"embeddable":true,"href":"https:\/\/siedlerverein-wittgensdorf.de\/index.php\/wp-json\/wp\/v2\/comments?post=2"}],"version-history":[{"count":3,"href":"https:\/\/siedlerverein-wittgensdorf.de\/index.php\/wp-json\/wp\/v2\/pages\/2\/revisions"}],"predecessor-version":[{"id":33,"href":"https:\/\/siedlerverein-wittgensdorf.de\/index.php\/wp-json\/wp\/v2\/pages\/2\/revisions\/33"}],"wp:attachment":[{"href":"https:\/\/siedlerverein-wittgensdorf.de\/index.php\/wp-json\/wp\/v2\/media?parent=2"}],"curies":[{"name":"wp","href":"https:\/\/api.w.org\/{rel}","templated":true}]}}