{"id":177,"date":"2018-11-03T12:31:34","date_gmt":"2018-11-03T11:31:34","guid":{"rendered":"https:\/\/siedlerverein-wittgensdorf.de\/?page_id=177"},"modified":"2020-03-14T16:02:20","modified_gmt":"2020-03-14T15:02:20","slug":"veranstaltungskalender-2","status":"publish","type":"page","link":"https:\/\/siedlerverein-wittgensdorf.de\/index.php\/veranstaltungskalender-2\/","title":{"rendered":"Veranstaltungskalender 2020"},"content":{"rendered":"<h2><\/h2>\n<h2><em>Bevorstehende Veranstaltungen:<\/em><\/h2>\n<p><del><span style=\"color: #ff0000;\">27.3.2020<\/span><\/del>; ahreshauptversammlung 2020 \u00a0 \u00a0\u00a0 <strong><em><span style=\"color: #ff0000;\">aus aktuellem Anlass verschoben!<\/span><\/em><\/strong><\/p>\n<ul>\n<li style=\"list-style-type: none;\">\n<ul>\n<li style=\"list-style-type: none;\">\n<ul>\n<li><a href=\"https:\/\/siedlerverein-wittgensdorf.de\/index.php\/einladung-zur-jahreshauptversammlung-2020\/\">Einladung<\/a><\/li>\n<\/ul>\n<\/li>\n<\/ul>\n<\/li>\n<\/ul>\n<p>&nbsp;<\/p>\n<p>04\/2020: Fr\u00fchjahrs-Skatturnier<\/p>\n<ul>\n<li style=\"list-style-type: none;\">\n<ul>\n<li style=\"list-style-type: none;\">\n<ul>\n<li>Einladung folgt<\/li>\n<\/ul>\n<\/li>\n<\/ul>\n<\/li>\n<\/ul>\n<p>&nbsp;<\/p>\n<p>11.07.2020: Siedler-Sommergrillabend am Lagerfeuer<\/p>\n<ul>\n<li style=\"list-style-type: none;\">\n<ul>\n<li style=\"list-style-type: none;\">\n<ul>\n<li>Detailplanung l\u00e4uft, Einladung folgt<\/li>\n<\/ul>\n<\/li>\n<\/ul>\n<\/li>\n<\/ul>\n<p>&nbsp;<\/p>\n<p>05.09.2020: Siedler-Oktoberfest<\/p>\n<ul>\n<li style=\"list-style-type: none;\">\n<ul>\n<li style=\"list-style-type: none;\">\n<ul>\n<li><a href=\"https:\/\/siedlerverein-wittgensdorf.de\/index.php\/2020\/03\/14\/vorankuendigung\/\">Vorank\u00fcndigung &#8230;..<\/a><\/li>\n<li>Detailplanung l\u00e4uft &#8230; freut Euch mit uns auf Gro\u00dfartiges!<\/li>\n<\/ul>\n<\/li>\n<\/ul>\n<\/li>\n<\/ul>\n<p>&nbsp;<\/p>\n<p>25.10.2020: Herbst-Skatturnier<\/p>\n<ul>\n<li style=\"list-style-type: none;\">\n<ul>\n<li style=\"list-style-type: none;\">\n<ul>\n<li>Einladung folgt<\/li>\n<\/ul>\n<\/li>\n<\/ul>\n<\/li>\n<\/ul>\n<p>&nbsp;<\/p>\n<p>10\/2020: Geisternacht<\/p>\n<ul>\n<li style=\"list-style-type: none;\">\n<ul>\n<li style=\"list-style-type: none;\">\n<ul>\n<li>Detailplanung l\u00e4uft &#8230; es wird wieder gruselig!<\/li>\n<\/ul>\n<\/li>\n<\/ul>\n<\/li>\n<\/ul>\n<p>&nbsp;<\/p>\n<p>12\/2020: Hutzenabend im Siedlerheim<\/p>\n<ul>\n<li style=\"list-style-type: none;\">\n<ul>\n<li style=\"list-style-type: none;\">\n<ul>\n<li>es wird wieder gem\u00fctlich, Einladung folgt<\/li>\n<\/ul>\n<\/li>\n<\/ul>\n<\/li>\n<\/ul>\n<p>&nbsp;<\/p>\n<p>2020: Verkehrsteilnehmerschulung<\/p>\n<ul>\n<li style=\"list-style-type: none;\">\n<ul>\n<li style=\"list-style-type: none;\">\n<ul>\n<li>Detailplanung l\u00e4uft, genauer Termin wird mitgeteilt<\/li>\n<\/ul>\n<\/li>\n<\/ul>\n<\/li>\n<\/ul>\n<p>&nbsp;<\/p>\n<p><strong><span style=\"color: #ff0000;\">Auch Weiterhin bei uns im Siedlerheim: Freie Skatabende<\/span><\/strong><\/p>\n<ul>\n<li style=\"list-style-type: none;\">\n<ul>\n<li style=\"list-style-type: none;\">\n<ul>\n<li><a href=\"https:\/\/siedlerverein-wittgensdorf.de\/index.php\/freier-skatabend-im-siedlerheim\/\">Einladung zum Freien Skatabend<\/a><\/li>\n<\/ul>\n<\/li>\n<\/ul>\n<\/li>\n<\/ul>\n<h1><\/h1>\n<h1><\/h1>\n<hr \/>\n<h1><em>Archiv 2020<\/em><\/h1>\n<p style=\"padding-left: 120px;\">30.1.2020, 20Uhr: Historischer Filmabend im Siedlerheim, Thema: Die historische Siedlung<\/p>\n<ul>\n<li style=\"list-style-type: none;\">\n<ul>\n<li style=\"list-style-type: none;\">\n<ul>\n<li style=\"list-style-type: none;\">\n<ul>\n<li style=\"list-style-type: none;\">\n<ul>\n<li style=\"list-style-type: none;\">\n<ul>\n<li><a href=\"https:\/\/siedlerverein-wittgensdorf.de\/index.php\/2020\/01\/21\/1-filmabend-damals-wars-bei-uns-in-der-siedlung\/\">Einladung<\/a><\/li>\n<\/ul>\n<\/li>\n<\/ul>\n<\/li>\n<\/ul>\n<\/li>\n<\/ul>\n<\/li>\n<\/ul>\n<\/li>\n<\/ul>\n<p>&nbsp;<\/p>\n<p style=\"padding-left: 120px;\">22.2.2020, 17Uhr: Wintergrillen,\u00a0Wir erinnern uns an eine Dankesch\u00f6nveranstaltung f\u00fcr die flei\u00dfigen Helfer aus 2019<\/p>\n<ul>\n<li style=\"list-style-type: none;\">\n<ul>\n<li style=\"list-style-type: none;\">\n<ul>\n<li style=\"list-style-type: none;\">\n<ul>\n<li style=\"list-style-type: none;\">\n<ul>\n<li style=\"list-style-type: none;\">\n<ul>\n<li>Einladung<\/li>\n<\/ul>\n<\/li>\n<\/ul>\n<\/li>\n<\/ul>\n<\/li>\n<\/ul>\n<\/li>\n<\/ul>\n<\/li>\n<\/ul>\n<hr \/>\n<h1><em>2019<\/em><\/h1>\n<p style=\"padding-left: 120px;\">10.12.2019 \/ 17 Uhr: Thermografierundgang durch die Siedlung, mit freundlicher Unterst\u00fctzung der Stadt Chemnitz und der Deutschen Umwelthilfe<\/p>\n<ul>\n<li style=\"list-style-type: none;\">\n<ul>\n<li style=\"list-style-type: none;\">\n<ul>\n<li style=\"list-style-type: none;\">\n<ul>\n<li style=\"list-style-type: none;\">\n<ul>\n<li style=\"list-style-type: none;\">\n<ul>\n<li><a href=\"https:\/\/siedlerverein-wittgensdorf.de\/index.php\/2019\/12\/04\/termografierundgang-unterwegs-mit-der-waermebildkamera\/\">Einladung<\/a><\/li>\n<\/ul>\n<\/li>\n<\/ul>\n<\/li>\n<\/ul>\n<\/li>\n<\/ul>\n<\/li>\n<\/ul>\n<\/li>\n<\/ul>\n<p style=\"padding-left: 120px;\">13.12.2019 \/ 15:30Uhr: Hutzennachmittag im Siedlerheim<\/p>\n<ul>\n<li style=\"list-style-type: none;\">\n<ul>\n<li style=\"list-style-type: none;\">\n<ul>\n<li style=\"list-style-type: none;\">\n<ul>\n<li style=\"list-style-type: none;\">\n<ul>\n<li style=\"list-style-type: none;\">\n<ul>\n<li><a href=\"https:\/\/siedlerverein-wittgensdorf.de\/index.php\/2019\/11\/12\/hutzennachmittag-im-siedlerheim\/\">Einladung<\/a><\/li>\n<\/ul>\n<\/li>\n<\/ul>\n<\/li>\n<\/ul>\n<\/li>\n<\/ul>\n<\/li>\n<\/ul>\n<\/li>\n<\/ul>\n<p style=\"padding-left: 120px;\">27.10.2019: Herbst-Skatturnier der Siedlung<\/p>\n<ul>\n<li style=\"list-style-type: none;\">\n<ul>\n<li style=\"list-style-type: none;\">\n<ul>\n<li style=\"list-style-type: none;\">\n<ul>\n<li style=\"list-style-type: none;\">\n<ul>\n<li style=\"list-style-type: none;\">\n<ul>\n<li>R\u00fcckblick<\/li>\n<\/ul>\n<\/li>\n<\/ul>\n<\/li>\n<\/ul>\n<\/li>\n<\/ul>\n<\/li>\n<\/ul>\n<\/li>\n<\/ul>\n<p style=\"padding-left: 120px;\">28.9.2019: 1. Siedler-Kartoffelfest mit G\u00e4rtnerwettbewerb<\/p>\n<ul>\n<li style=\"list-style-type: none;\">\n<ul>\n<li style=\"list-style-type: none;\">\n<ul>\n<li style=\"list-style-type: none;\">\n<ul>\n<li style=\"list-style-type: none;\">\n<ul>\n<li style=\"list-style-type: none;\">\n<ul>\n<li><a href=\"https:\/\/siedlerverein-wittgensdorf.de\/index.php\/1-siedler-kartoffelfest\/\">Einladung<\/a><\/li>\n<li><a href=\"https:\/\/siedlerverein-wittgensdorf.de\/index.php\/rueckblick-1-siedler-karoffelfest-gaertnerwettbewerb\/\">R\u00fcckblick<\/a><\/li>\n<\/ul>\n<\/li>\n<\/ul>\n<\/li>\n<\/ul>\n<\/li>\n<\/ul>\n<\/li>\n<\/ul>\n<\/li>\n<\/ul>\n<p style=\"padding-left: 120px;\">23.8.2019: Zelten auf der Siedlerwiese<\/p>\n<ul>\n<li style=\"list-style-type: none;\">\n<ul>\n<li style=\"list-style-type: none;\">\n<ul>\n<li style=\"list-style-type: none;\">\n<ul>\n<li style=\"list-style-type: none;\">\n<ul>\n<li style=\"list-style-type: none;\">\n<ul>\n<li><a href=\"https:\/\/siedlerverein-wittgensdorf.de\/index.php\/2019\/08\/15\/auch-dieses-jahr-wieder-wir-zelten-auf-der-siedlerwiese\/\">Einladung<\/a><\/li>\n<li>R\u00fcckblick<\/li>\n<\/ul>\n<\/li>\n<\/ul>\n<\/li>\n<\/ul>\n<\/li>\n<\/ul>\n<\/li>\n<\/ul>\n<\/li>\n<\/ul>\n<p style=\"padding-left: 120px;\">29.6.2019: Siedlerfest zum 95j\u00e4hrigen Vereinsjubil\u00e4um<\/p>\n<ul>\n<li style=\"list-style-type: none;\">\n<ul>\n<li style=\"list-style-type: none;\">\n<ul>\n<li style=\"list-style-type: none;\">\n<ul>\n<li style=\"list-style-type: none;\">\n<ul>\n<li style=\"list-style-type: none;\">\n<ul>\n<li><a href=\"https:\/\/siedlerverein-wittgensdorf.de\/index.php\/siedlerfest-zum-95jaehrigen-vereinsjubilaeum\/\">Einladung<\/a><\/li>\n<li><a href=\"https:\/\/siedlerverein-wittgensdorf.de\/index.php\/2019\/07\/01\/rueckblick-siedlerfest-zum-95-jaehrigen-vereinsjubilaeum\/\">R\u00fcckblick<\/a><\/li>\n<\/ul>\n<\/li>\n<\/ul>\n<\/li>\n<\/ul>\n<\/li>\n<\/ul>\n<\/li>\n<\/ul>\n<\/li>\n<\/ul>\n<p style=\"padding-left: 120px;\">13.6.2019: Vereinsausflug zur Landesgartenschau nach Frankenberg<\/p>\n<ul>\n<li style=\"list-style-type: none;\">\n<ul>\n<li style=\"list-style-type: none;\">\n<ul>\n<li style=\"list-style-type: none;\">\n<ul>\n<li style=\"list-style-type: none;\">\n<ul>\n<li style=\"list-style-type: none;\">\n<ul>\n<li><a href=\"https:\/\/siedlerverein-wittgensdorf.de\/index.php\/vereinsausflug-zur-landesgartenschau\/\">R\u00fcckblick<\/a><\/li>\n<\/ul>\n<\/li>\n<\/ul>\n<\/li>\n<\/ul>\n<\/li>\n<\/ul>\n<\/li>\n<\/ul>\n<\/li>\n<\/ul>\n<p style=\"padding-left: 120px;\">27.4.\/1.5.2019: Dritter Arbeitseinsatz zur Renovierung des Siedlerheims: K\u00fcchentrockenlegung und -sanierung<\/p>\n<ul>\n<li style=\"list-style-type: none;\">\n<ul>\n<li style=\"list-style-type: none;\">\n<ul>\n<li style=\"list-style-type: none;\">\n<ul>\n<li style=\"list-style-type: none;\">\n<ul>\n<li style=\"list-style-type: none;\">\n<ul>\n<li><a href=\"https:\/\/siedlerverein-wittgensdorf.de\/index.php\/2019\/04\/10\/kuechenrenovierung-weiter-gehts\/\">Einladung<\/a><\/li>\n<li><a href=\"https:\/\/siedlerverein-wittgensdorf.de\/index.php\/2019\/05\/03\/kuechentrockenlegung-und-sanierung\/\">R\u00fcckblick<\/a><\/li>\n<\/ul>\n<\/li>\n<\/ul>\n<\/li>\n<\/ul>\n<\/li>\n<\/ul>\n<\/li>\n<\/ul>\n<\/li>\n<\/ul>\n<p style=\"padding-left: 120px;\">6.4.2019: Zweiter Arbeitseinsatz zur Renovierung des Siedlerheims<\/p>\n<ul>\n<li style=\"list-style-type: none;\">\n<ul>\n<li style=\"list-style-type: none;\">\n<ul>\n<li style=\"list-style-type: none;\">\n<ul>\n<li style=\"list-style-type: none;\">\n<ul>\n<li style=\"list-style-type: none;\">\n<ul>\n<li><a href=\"https:\/\/siedlerverein-wittgensdorf.de\/index.php\/2019\/04\/03\/freiwilliger-arbeitseinsatz-am-samstag-6-4-2019-930uhr-bis-ca-13uhr\/\">Einladung<\/a><\/li>\n<li><a href=\"https:\/\/siedlerverein-wittgensdorf.de\/index.php\/kuechenrenovierung-teil-2-6-4-19\/\">R\u00fcckblick<\/a><\/li>\n<\/ul>\n<\/li>\n<\/ul>\n<\/li>\n<\/ul>\n<\/li>\n<\/ul>\n<\/li>\n<\/ul>\n<\/li>\n<\/ul>\n<p style=\"padding-left: 120px;\">29.3.2019: Fr\u00fchjahrs-Skatturnier der Siedlung<\/p>\n<ul>\n<li style=\"list-style-type: none;\">\n<ul>\n<li style=\"list-style-type: none;\">\n<ul>\n<li style=\"list-style-type: none;\">\n<ul>\n<li style=\"list-style-type: none;\">\n<ul>\n<li style=\"list-style-type: none;\">\n<ul>\n<li>R\u00fcckblick<\/li>\n<\/ul>\n<\/li>\n<\/ul>\n<\/li>\n<\/ul>\n<\/li>\n<\/ul>\n<\/li>\n<\/ul>\n<\/li>\n<\/ul>\n<p style=\"padding-left: 120px;\">22.3.2019: Jahreshauptversammlung 2019<\/p>\n<ul>\n<li style=\"list-style-type: none;\">\n<ul>\n<li style=\"list-style-type: none;\">\n<ul>\n<li style=\"list-style-type: none;\">\n<ul>\n<li style=\"list-style-type: none;\">\n<ul>\n<li style=\"list-style-type: none;\">\n<ul>\n<li><a href=\"https:\/\/siedlerverein-wittgensdorf.de\/index.php\/jahreshauptversammlung-2019\/\">R\u00fcckblick<\/a><\/li>\n<\/ul>\n<\/li>\n<\/ul>\n<\/li>\n<\/ul>\n<\/li>\n<\/ul>\n<\/li>\n<\/ul>\n<\/li>\n<\/ul>\n<p style=\"padding-left: 120px;\">08.02.2019: Wintergrillen als Dankesch\u00f6n f\u00fcr die flei\u00dfigen Helfer aus 2018<\/p>\n<ul>\n<li style=\"list-style-type: none;\">\n<ul>\n<li style=\"list-style-type: none;\">\n<ul>\n<li style=\"list-style-type: none;\">\n<ul>\n<li style=\"list-style-type: none;\">\n<ul>\n<li style=\"list-style-type: none;\">\n<ul>\n<li><a href=\"https:\/\/siedlerverein-wittgensdorf.de\/index.php\/2019\/02\/11\/rueckblick-wintergrillen-am-8-2-19\/\">R\u00fcckblick<\/a><\/li>\n<li><a href=\"https:\/\/siedlerverein-wittgensdorf.de\/index.php\/veranstaltungen__trashed\/einladung-zum-wintergrillen-fuer-die-fleissigen-helfer-aus-2018\/\">Einladung<\/a><\/li>\n<\/ul>\n<\/li>\n<\/ul>\n<\/li>\n<\/ul>\n<\/li>\n<\/ul>\n<\/li>\n<\/ul>\n<\/li>\n<\/ul>\n<hr \/>\n<h1><em>2018<\/em><\/h1>\n<p style=\"padding-left: 120px;\">7.12.2018: Hutzennachmittag im Siedlerheim<\/p>\n<ul>\n<li style=\"list-style-type: none;\">\n<ul>\n<li style=\"list-style-type: none;\">\n<ul>\n<li style=\"list-style-type: none;\">\n<ul>\n<li style=\"list-style-type: none;\">\n<ul>\n<li style=\"list-style-type: none;\">\n<ul>\n<li><a href=\"https:\/\/siedlerverein-wittgensdorf.de\/index.php\/archiv\/hutzennachmittag\/\">Einladung<\/a><\/li>\n<\/ul>\n<\/li>\n<\/ul>\n<\/li>\n<\/ul>\n<\/li>\n<\/ul>\n<\/li>\n<\/ul>\n<\/li>\n<\/ul>\n<p style=\"padding-left: 120px;\">3.11.2018: Sicheres Haus und Einbruchsschutz &#8211; Die Polizeiliche Beratungsstelle informiert<\/p>\n<ul>\n<li style=\"list-style-type: none;\">\n<ul>\n<li style=\"list-style-type: none;\">\n<ul>\n<li style=\"list-style-type: none;\">\n<ul>\n<li style=\"list-style-type: none;\">\n<ul>\n<li style=\"list-style-type: none;\">\n<ul>\n<li><a href=\"https:\/\/siedlerverein-wittgensdorf.de\/index.php\/2018\/11\/03\/einbruchsschutz-und-sicheres-haus-beratung-durch-die-polizeiliche-beratungsstelle\/\">R\u00fcckblick<\/a><\/li>\n<li><a href=\"https:\/\/siedlerverein-wittgensdorf.de\/index.php\/archiv\/sicheres-haus-einbruchsschutz\/\">Einladung<\/a><\/li>\n<\/ul>\n<\/li>\n<\/ul>\n<\/li>\n<\/ul>\n<\/li>\n<\/ul>\n<\/li>\n<\/ul>\n<\/li>\n<\/ul>\n<p style=\"padding-left: 120px;\">30.10.2018: Geisternacht<\/p>\n<ul>\n<li style=\"list-style-type: none;\">\n<ul>\n<li style=\"list-style-type: none;\">\n<ul>\n<li style=\"list-style-type: none;\">\n<ul>\n<li style=\"list-style-type: none;\">\n<ul>\n<li style=\"list-style-type: none;\">\n<ul>\n<li><a href=\"https:\/\/siedlerverein-wittgensdorf.de\/index.php\/2018\/11\/01\/geisternacht-2018-rueckblick\/\">R\u00fcckblick<\/a><\/li>\n<\/ul>\n<\/li>\n<\/ul>\n<\/li>\n<\/ul>\n<\/li>\n<\/ul>\n<\/li>\n<\/ul>\n<\/li>\n<\/ul>\n<p style=\"padding-left: 120px;\">27.10.2018: Erster Arbeitseinsatz zur Renovierung Siedlerheim, Teil 1: Vereinsstube\/Gastraum<\/p>\n<ul>\n<li style=\"list-style-type: none;\">\n<ul>\n<li style=\"list-style-type: none;\">\n<ul>\n<li style=\"list-style-type: none;\">\n<ul>\n<li style=\"list-style-type: none;\">\n<ul>\n<li style=\"list-style-type: none;\">\n<ul>\n<li><a href=\"https:\/\/siedlerverein-wittgensdorf.de\/index.php\/2018\/10\/30\/renovierung-erster-teil\/\">R\u00fcckblick<\/a><\/li>\n<\/ul>\n<\/li>\n<\/ul>\n<\/li>\n<\/ul>\n<\/li>\n<\/ul>\n<\/li>\n<\/ul>\n<\/li>\n<\/ul>\n<p style=\"padding-left: 120px;\">Herbst-Skatturnier der Siedlung<\/p>\n<p style=\"padding-left: 120px;\">Fr\u00fchjahrs-Skatturnier der Siedlung<\/p>\n<p style=\"padding-left: 120px;\">Jahreshauptversammlung 2018<\/p>\n<p>&nbsp;<\/p>\n<hr \/>\n<h1><em>2017<\/em><\/h1>\n<p style=\"padding-left: 120px;\"><span style=\"display: inline !important; float: none; background-color: #ffffff; color: #333333; cursor: text; font-family: Georgia,'Times New Roman','Bitstream Charter',Times,serif; font-size: 16px; font-style: normal; font-variant: normal; font-weight: 400; letter-spacing: normal; orphans: 2; text-align: left; text-decoration: none; text-indent: 0px; text-transform: none; -webkit-text-stroke-width: 0px; white-space: normal; word-spacing: 0px;\">Jahreshauptversammlung 2017<\/span><\/p>\n","protected":false},"excerpt":{"rendered":"<p>Bevorstehende Veranstaltungen: 27.3.2020; ahreshauptversammlung 2020 \u00a0 \u00a0\u00a0 aus aktuellem Anlass verschoben! Einladung &nbsp; 04\/2020: Fr\u00fchjahrs-Skatturnier Einladung folgt &nbsp; 11.07.2020: Siedler-Sommergrillabend am Lagerfeuer Detailplanung l\u00e4uft, Einladung folgt &nbsp; 05.09.2020: Siedler-Oktoberfest Vorank\u00fcndigung &#8230;.. Detailplanung l\u00e4uft &#8230; freut Euch mit uns auf Gro\u00dfartiges! &nbsp; 25.10.2020: Herbst-Skatturnier Einladung folgt &nbsp; 10\/2020: Geisternacht Detailplanung l\u00e4uft &#8230; es wird wieder gruselig! &#8230; <a title=\"Veranstaltungskalender 2020\" class=\"read-more\" href=\"https:\/\/siedlerverein-wittgensdorf.de\/index.php\/veranstaltungskalender-2\/\" aria-label=\"Mehr Informationen \u00fcber Veranstaltungskalender 2020\">Weiterlesen<\/a><\/p>\n","protected":false},"author":2,"featured_media":0,"parent":0,"menu_order":0,"comment_status":"closed","ping_status":"closed","template":"","meta":{"footnotes":""},"class_list":["post-177","page","type-page","status-publish"],"_links":{"self":[{"href":"https:\/\/siedlerverein-wittgensdorf.de\/index.php\/wp-json\/wp\/v2\/pages\/177"}],"collection":[{"href":"https:\/\/siedlerverein-wittgensdorf.de\/index.php\/wp-json\/wp\/v2\/pages"}],"about":[{"href":"https:\/\/siedlerverein-wittgensdorf.de\/index.php\/wp-json\/wp\/v2\/types\/page"}],"author":[{"embeddable":true,"href":"https:\/\/siedlerverein-wittgensdorf.de\/index.php\/wp-json\/wp\/v2\/users\/2"}],"replies":[{"embeddable":true,"href":"https:\/\/siedlerverein-wittgensdorf.de\/index.php\/wp-json\/wp\/v2\/comments?post=177"}],"version-history":[{"count":74,"href":"https:\/\/siedlerverein-wittgensdorf.de\/index.php\/wp-json\/wp\/v2\/pages\/177\/revisions"}],"predecessor-version":[{"id":972,"href":"https:\/\/siedlerverein-wittgensdorf.de\/index.php\/wp-json\/wp\/v2\/pages\/177\/revisions\/972"}],"wp:attachment":[{"href":"https:\/\/siedlerverein-wittgensdorf.de\/index.php\/wp-json\/wp\/v2\/media?parent=177"}],"curies":[{"name":"wp","href":"https:\/\/api.w.org\/{rel}","templated":true}]}}