{"id":12,"date":"2018-10-29T22:00:40","date_gmt":"2018-10-29T21:00:40","guid":{"rendered":"https:\/\/siedlerverein-wittgensdorf.de\/?page_id=12"},"modified":"2019-02-03T19:37:40","modified_gmt":"2019-02-03T18:37:40","slug":"buecherschrank","status":"publish","type":"page","link":"https:\/\/siedlerverein-wittgensdorf.de\/index.php\/buecherschrank\/","title":{"rendered":"B\u00fccherschrank"},"content":{"rendered":"<div class=\"section-inner\">\n<div class=\"content cf wnd-no-cols\">\n<div>\n<div class=\"text cf design-01\">\n<div class=\"text-content\">\n<div>\n<figure id=\"attachment_192\" aria-describedby=\"caption-attachment-192\" style=\"width: 215px\" class=\"wp-caption aligncenter\"><img loading=\"lazy\" decoding=\"async\" class=\"size-medium wp-image-192\" src=\"https:\/\/siedlerverein-wittgensdorf.de\/wp-content\/uploads\/2018\/11\/buecherschrank-225x300.jpg\" alt=\"\" width=\"225\" height=\"300\" srcset=\"https:\/\/siedlerverein-wittgensdorf.de\/wp-content\/uploads\/2018\/11\/buecherschrank-225x300.jpg 225w, https:\/\/siedlerverein-wittgensdorf.de\/wp-content\/uploads\/2018\/11\/buecherschrank-768x1024.jpg 768w, https:\/\/siedlerverein-wittgensdorf.de\/wp-content\/uploads\/2018\/11\/buecherschrank.jpg 907w\" sizes=\"(max-width: 225px) 100vw, 225px\" \/><figcaption id=\"caption-attachment-192\" class=\"wp-caption-text\">B\u00fccherschrank<\/figcaption><\/figure>\n<p>Das Prinzip ist simpel: Der Schrank steht vor dem Siedlerheim, f\u00fcr Jedermann zug\u00e4nglich &#8211; und f\u00fcr Jedermann nutzbar.<\/p>\n<p>Wer mag, nimmt sich B\u00fccher heraus, wer mag, stellt welche hinein.<\/p>\n<p>Kostenlos, unverbindlich, anonym und frei von Formalit\u00e4ten. Es bedarf keiner Mitgliedschaft, keiner Beitr\u00e4ge, keiner Leihfristen. Unser Ziel ist ein Austausch zwischen Lesenden, der einem gebrauchten Buch im besten Fall zu einem zweiten oder gar dritten Leben verhilft.<\/p>\n<p>Wir freuen uns \u00fcber eine rege Nutzung &amp; einen sorgsamen Umgang mit dem B\u00fccherschrank.<\/p>\n<\/div>\n<\/div>\n<\/div>\n<\/div>\n<\/div>\n<\/div>\n","protected":false},"excerpt":{"rendered":"<p>Das Prinzip ist simpel: Der Schrank steht vor dem Siedlerheim, f\u00fcr Jedermann zug\u00e4nglich &#8211; und f\u00fcr Jedermann nutzbar. Wer mag, nimmt sich B\u00fccher heraus, wer mag, stellt welche hinein. Kostenlos, unverbindlich, anonym und frei von Formalit\u00e4ten. Es bedarf keiner Mitgliedschaft, keiner Beitr\u00e4ge, keiner Leihfristen. Unser Ziel ist ein Austausch zwischen Lesenden, der einem gebrauchten Buch &#8230; <a title=\"B\u00fccherschrank\" class=\"read-more\" href=\"https:\/\/siedlerverein-wittgensdorf.de\/index.php\/buecherschrank\/\" aria-label=\"Mehr Informationen \u00fcber B\u00fccherschrank\">Weiterlesen<\/a><\/p>\n","protected":false},"author":2,"featured_media":0,"parent":0,"menu_order":0,"comment_status":"closed","ping_status":"closed","template":"","meta":{"footnotes":""},"class_list":["post-12","page","type-page","status-publish"],"_links":{"self":[{"href":"https:\/\/siedlerverein-wittgensdorf.de\/index.php\/wp-json\/wp\/v2\/pages\/12"}],"collection":[{"href":"https:\/\/siedlerverein-wittgensdorf.de\/index.php\/wp-json\/wp\/v2\/pages"}],"about":[{"href":"https:\/\/siedlerverein-wittgensdorf.de\/index.php\/wp-json\/wp\/v2\/types\/page"}],"author":[{"embeddable":true,"href":"https:\/\/siedlerverein-wittgensdorf.de\/index.php\/wp-json\/wp\/v2\/users\/2"}],"replies":[{"embeddable":true,"href":"https:\/\/siedlerverein-wittgensdorf.de\/index.php\/wp-json\/wp\/v2\/comments?post=12"}],"version-history":[{"count":7,"href":"https:\/\/siedlerverein-wittgensdorf.de\/index.php\/wp-json\/wp\/v2\/pages\/12\/revisions"}],"predecessor-version":[{"id":193,"href":"https:\/\/siedlerverein-wittgensdorf.de\/index.php\/wp-json\/wp\/v2\/pages\/12\/revisions\/193"}],"wp:attachment":[{"href":"https:\/\/siedlerverein-wittgensdorf.de\/index.php\/wp-json\/wp\/v2\/media?parent=12"}],"curies":[{"name":"wp","href":"https:\/\/api.w.org\/{rel}","templated":true}]}}