{"id":108,"date":"2018-11-01T20:56:32","date_gmt":"2018-11-01T19:56:32","guid":{"rendered":"https:\/\/siedlerverein-wittgensdorf.de\/?page_id=108"},"modified":"2019-02-03T19:38:28","modified_gmt":"2019-02-03T18:38:28","slug":"sicheres-haus-einbruchsschutz","status":"publish","type":"page","link":"https:\/\/siedlerverein-wittgensdorf.de\/index.php\/veranstaltungskalender-2\/sicheres-haus-einbruchsschutz\/","title":{"rendered":"Sicheres Haus &#038; Einbruchsschutz 2018"},"content":{"rendered":"<h2><span class=\"wnd-font-size-90\"><b><span class=\"wsw-49 wnd-font-size-110\">Sa., 03.11.2018 \/ 09.00Uhr \/ Siedlerheim:<br \/>\n<\/span><\/b><\/span><\/h2>\n<h2><span class=\"wnd-font-size-90\"><b><span class=\"wsw-49 wnd-font-size-110\">Die Polizeiliche Beratungsstelle Chemnitz informiert zum Thema &#8222;Sicheres Haus &amp; Einbruchsschutz&#8220;<\/span><\/b><\/span><\/h2>\n<p><em>Wir freuen uns, dass wir Herrn Polizeikommissar Arnold von der Polizeilichen Beratungsstelle Chemnitz gewinnen konnten, zu folgendem Thema zu uns ins Siedlerheim zu kommen.<\/em><\/p>\n<p><strong><em>Inhalt:<\/em><\/strong><\/p>\n<ul>\n<li><strong><em>Informationen und Tipps rund um das Thema Einbruchsschutz am Haus<\/em><\/strong><\/li>\n<li><strong><em>Beantwortung von Euren Fragen rund um&#8217;s Thema<\/em><\/strong><\/li>\n<\/ul>\n<p><strong>Um p\u00fcnktliches Erscheinen wird gebeten!<\/strong><\/p>\n<p><em>Da die Teilnehmerzahl auf ca. 25 Personen begrenzt ist, <strong>bitten wir um vorherige Anmeldung bis sp\u00e4testens Samstag, 27.10.18<\/strong><\/em><\/p>\n<ul>\n<li><em>Entweder pers\u00f6nlich beim Vorstand oder<\/em><\/li>\n<li><em>Per Email an siedlerverein-wittgensdorf@web.de oder<\/em><\/li>\n<li><em>Ihr werft einen Zettel in den Briefkasten am Siedlerheim &#8211; Euren Namen nicht vergessen\u00a0<\/em><\/li>\n<\/ul>\n<p><em>Sollten sich mehr als 25 Personen anmelden, k\u00f6nnte ein weiterer Termin vereinbart werden!<\/em><\/p>\n<p><em>Wichtiger Hinweis gem\u00e4\u00df DSGVO:<\/em><\/p>\n<p><em>Im Rahmen der Veranstaltung ist es m\u00f6glich, individuelle Fragen zu stellen. Damit gebt Ihr der \u00d6ffentlichkeit pers\u00f6nliche Informationen preis, die unter die Datenschutzgrundverordnung fallen. Mit Eurer Teilnahme an der Veranstaltung erkl\u00e4rt Ihr Euch damit einverstanden.<\/em><\/p>\n","protected":false},"excerpt":{"rendered":"<p>Sa., 03.11.2018 \/ 09.00Uhr \/ Siedlerheim: Die Polizeiliche Beratungsstelle Chemnitz informiert zum Thema &#8222;Sicheres Haus &amp; Einbruchsschutz&#8220; Wir freuen uns, dass wir Herrn Polizeikommissar Arnold von der Polizeilichen Beratungsstelle Chemnitz gewinnen konnten, zu folgendem Thema zu uns ins Siedlerheim zu kommen. Inhalt: Informationen und Tipps rund um das Thema Einbruchsschutz am Haus Beantwortung von Euren &#8230; <a title=\"Sicheres Haus &#038; Einbruchsschutz 2018\" class=\"read-more\" href=\"https:\/\/siedlerverein-wittgensdorf.de\/index.php\/veranstaltungskalender-2\/sicheres-haus-einbruchsschutz\/\" aria-label=\"Mehr Informationen \u00fcber Sicheres Haus &#038; Einbruchsschutz 2018\">Weiterlesen<\/a><\/p>\n","protected":false},"author":2,"featured_media":0,"parent":177,"menu_order":1,"comment_status":"closed","ping_status":"closed","template":"","meta":{"footnotes":""},"class_list":["post-108","page","type-page","status-publish"],"_links":{"self":[{"href":"https:\/\/siedlerverein-wittgensdorf.de\/index.php\/wp-json\/wp\/v2\/pages\/108"}],"collection":[{"href":"https:\/\/siedlerverein-wittgensdorf.de\/index.php\/wp-json\/wp\/v2\/pages"}],"about":[{"href":"https:\/\/siedlerverein-wittgensdorf.de\/index.php\/wp-json\/wp\/v2\/types\/page"}],"author":[{"embeddable":true,"href":"https:\/\/siedlerverein-wittgensdorf.de\/index.php\/wp-json\/wp\/v2\/users\/2"}],"replies":[{"embeddable":true,"href":"https:\/\/siedlerverein-wittgensdorf.de\/index.php\/wp-json\/wp\/v2\/comments?post=108"}],"version-history":[{"count":3,"href":"https:\/\/siedlerverein-wittgensdorf.de\/index.php\/wp-json\/wp\/v2\/pages\/108\/revisions"}],"predecessor-version":[{"id":304,"href":"https:\/\/siedlerverein-wittgensdorf.de\/index.php\/wp-json\/wp\/v2\/pages\/108\/revisions\/304"}],"up":[{"embeddable":true,"href":"https:\/\/siedlerverein-wittgensdorf.de\/index.php\/wp-json\/wp\/v2\/pages\/177"}],"wp:attachment":[{"href":"https:\/\/siedlerverein-wittgensdorf.de\/index.php\/wp-json\/wp\/v2\/media?parent=108"}],"curies":[{"name":"wp","href":"https:\/\/api.w.org\/{rel}","templated":true}]}}