{"id":1020,"date":"2021-02-04T19:25:33","date_gmt":"2021-02-04T18:25:33","guid":{"rendered":"https:\/\/siedlerverein-wittgensdorf.de\/?page_id=1020"},"modified":"2021-05-16T18:37:58","modified_gmt":"2021-05-16T16:37:58","slug":"sanierung-und-renovierung-sanitaerraeume","status":"publish","type":"page","link":"https:\/\/siedlerverein-wittgensdorf.de\/index.php\/sanierung-und-renovierung-sanitaerraeume\/","title":{"rendered":"Sanierung und Renovierung der Sanit\u00e4rr\u00e4ume (Winter\/Fr\u00fchjahr 2021)"},"content":{"rendered":"<h1>Aus Alt mach Neu!<\/h1>\n<p>Vor fast 30 Jahren haben flei\u00dfige Vereinsmitglieder in vielen Arbeitsstunden die Sanit\u00e4rr\u00e4ume unseres Siedlerheims gebaut. Doch auch hier nagte der Zahn der Zeit sp\u00fcr- und sichtbar &#8211; eine Sanierung und Modernisierung wurde notwendig.<\/p>\n<figure id=\"attachment_1049\" aria-describedby=\"caption-attachment-1049\" style=\"width: 1014px\" class=\"wp-caption aligncenter\"><img loading=\"lazy\" decoding=\"async\" class=\"wp-image-1049 size-large\" src=\"https:\/\/siedlerverein-wittgensdorf.de\/wp-content\/uploads\/2021\/03\/Screenshot-1-1024x480.png\" alt=\"\" width=\"1024\" height=\"480\" srcset=\"https:\/\/siedlerverein-wittgensdorf.de\/wp-content\/uploads\/2021\/03\/Screenshot-1-1024x480.png 1024w, https:\/\/siedlerverein-wittgensdorf.de\/wp-content\/uploads\/2021\/03\/Screenshot-1-300x141.png 300w, https:\/\/siedlerverein-wittgensdorf.de\/wp-content\/uploads\/2021\/03\/Screenshot-1-768x360.png 768w, https:\/\/siedlerverein-wittgensdorf.de\/wp-content\/uploads\/2021\/03\/Screenshot-1.png 1170w\" sizes=\"(max-width: 1024px) 100vw, 1024px\" \/><figcaption id=\"caption-attachment-1049\" class=\"wp-caption-text\">So kennen wir es noch &#8211; so sahen unsere Sanit\u00e4rr\u00e4ume vorher aus.<\/figcaption><\/figure>\n<p>Eigentlich waren die Arbeiten bereits f\u00fcr 2020 abgestimmt uns geplant, situationsbedingt mussten wir den Start aber weiter verschieben.<\/p>\n<p><span style=\"color: #ff0000;\"><strong>Doch nun endlich geht&#8217;s los<\/strong><\/span> &#8211; wir wollen ja p\u00fcnktlich zum Ende der Pandemie fertig sein &amp; endlich wieder unser Vereinsleben aufleben lassen!<\/p>\n<p><a href=\"https:\/\/siedlerverein-wittgensdorf.de\/wp-content\/uploads\/2021\/03\/IMG_858324027-1.heic\"><img decoding=\"async\" class=\"aligncenter size-full wp-image-1046\" src=\"https:\/\/siedlerverein-wittgensdorf.de\/wp-content\/uploads\/2021\/03\/IMG_858324027-1.heic\" alt=\"\" \/><\/a><\/p>\n<p><a href=\"https:\/\/siedlerverein-wittgensdorf.de\/wp-content\/uploads\/2021\/03\/IMG_858324027.heic\"><img decoding=\"async\" class=\"aligncenter size-full wp-image-1045\" src=\"https:\/\/siedlerverein-wittgensdorf.de\/wp-content\/uploads\/2021\/03\/IMG_858324027.heic\" alt=\"\" \/><\/a><\/p>\n<h1>Februar 2021: Abbrucharbeiten<\/h1>\n<p>Die aktuellen Coronaschutz-Auflagen machen es uns nicht leicht. Dennoch &#8211; unter Einhaltung aller Auflagen- haben wir im Winter mit der Entkernung und Sanierung begonnen:<\/p>\n<figure id=\"attachment_1057\" aria-describedby=\"caption-attachment-1057\" style=\"width: 470px\" class=\"wp-caption aligncenter\"><img loading=\"lazy\" decoding=\"async\" class=\"wp-image-1057 size-full\" src=\"https:\/\/siedlerverein-wittgensdorf.de\/wp-content\/uploads\/2021\/03\/IMG_0999_verpixelt.jpg\" alt=\"\" width=\"480\" height=\"640\" srcset=\"https:\/\/siedlerverein-wittgensdorf.de\/wp-content\/uploads\/2021\/03\/IMG_0999_verpixelt.jpg 480w, https:\/\/siedlerverein-wittgensdorf.de\/wp-content\/uploads\/2021\/03\/IMG_0999_verpixelt-225x300.jpg 225w\" sizes=\"(max-width: 480px) 100vw, 480px\" \/><figcaption id=\"caption-attachment-1057\" class=\"wp-caption-text\">R\u00fcckbau der alten Bodenklappe.<\/figcaption><\/figure>\n<p>&nbsp;<\/p>\n<figure id=\"attachment_1058\" aria-describedby=\"caption-attachment-1058\" style=\"width: 630px\" class=\"wp-caption aligncenter\"><img loading=\"lazy\" decoding=\"async\" class=\"wp-image-1058 size-full\" src=\"https:\/\/siedlerverein-wittgensdorf.de\/wp-content\/uploads\/2021\/03\/IMG_1003_verpixelt.jpg\" alt=\"\" width=\"640\" height=\"480\" srcset=\"https:\/\/siedlerverein-wittgensdorf.de\/wp-content\/uploads\/2021\/03\/IMG_1003_verpixelt.jpg 640w, https:\/\/siedlerverein-wittgensdorf.de\/wp-content\/uploads\/2021\/03\/IMG_1003_verpixelt-300x225.jpg 300w\" sizes=\"(max-width: 640px) 100vw, 640px\" \/><figcaption id=\"caption-attachment-1058\" class=\"wp-caption-text\">Abriss der Zwischendecke, denn Neues braucht Platz<\/figcaption><\/figure>\n<p>&nbsp;<\/p>\n<figure id=\"attachment_1044\" aria-describedby=\"caption-attachment-1044\" style=\"width: 470px\" class=\"wp-caption aligncenter\"><img loading=\"lazy\" decoding=\"async\" class=\"wp-image-1044 size-full\" src=\"https:\/\/siedlerverein-wittgensdorf.de\/wp-content\/uploads\/2021\/03\/IMG_1017_verpixelt.jpg\" alt=\"\" width=\"480\" height=\"640\" srcset=\"https:\/\/siedlerverein-wittgensdorf.de\/wp-content\/uploads\/2021\/03\/IMG_1017_verpixelt.jpg 480w, https:\/\/siedlerverein-wittgensdorf.de\/wp-content\/uploads\/2021\/03\/IMG_1017_verpixelt-225x300.jpg 225w\" sizes=\"(max-width: 480px) 100vw, 480px\" \/><figcaption id=\"caption-attachment-1044\" class=\"wp-caption-text\">Abrissarbeiten<\/figcaption><\/figure>\n<p>Wer hat&#8217;s gemerkt? Hier fehlen doch W\u00e4nde?<\/p>\n<h1>Erstes Zwischenergebnis<\/h1>\n<figure id=\"attachment_1043\" aria-describedby=\"caption-attachment-1043\" style=\"width: 630px\" class=\"wp-caption aligncenter\"><img loading=\"lazy\" decoding=\"async\" class=\"wp-image-1043 size-full\" src=\"https:\/\/siedlerverein-wittgensdorf.de\/wp-content\/uploads\/2021\/03\/IMG_1007.jpg\" alt=\"\" width=\"640\" height=\"480\" srcset=\"https:\/\/siedlerverein-wittgensdorf.de\/wp-content\/uploads\/2021\/03\/IMG_1007.jpg 640w, https:\/\/siedlerverein-wittgensdorf.de\/wp-content\/uploads\/2021\/03\/IMG_1007-300x225.jpg 300w\" sizes=\"(max-width: 640px) 100vw, 640px\" \/><figcaption id=\"caption-attachment-1043\" class=\"wp-caption-text\">Erstes Zwischenergebnis<\/figcaption><\/figure>\n<p>&nbsp;<\/p>\n<p><img loading=\"lazy\" decoding=\"async\" class=\"aligncenter wp-image-1052 size-full\" src=\"https:\/\/siedlerverein-wittgensdorf.de\/wp-content\/uploads\/2021\/03\/IMG_1008-rotated.jpg\" alt=\"\" width=\"480\" height=\"640\" srcset=\"https:\/\/siedlerverein-wittgensdorf.de\/wp-content\/uploads\/2021\/03\/IMG_1008-rotated.jpg 480w, https:\/\/siedlerverein-wittgensdorf.de\/wp-content\/uploads\/2021\/03\/IMG_1008-225x300.jpg 225w\" sizes=\"(max-width: 480px) 100vw, 480px\" \/><\/p>\n<p>&nbsp;<\/p>\n<h1>M\u00e4rz &amp; April: Endlich beginnt der Wiederaufbau<\/h1>\n<figure id=\"attachment_1066\" aria-describedby=\"caption-attachment-1066\" style=\"width: 465px\" class=\"wp-caption aligncenter\"><img loading=\"lazy\" decoding=\"async\" class=\"wp-image-1066\" src=\"https:\/\/siedlerverein-wittgensdorf.de\/wp-content\/uploads\/2021\/03\/PHOTO-2021-03-05-18-27-06-225x300.jpg\" alt=\"\" width=\"475\" height=\"633\" srcset=\"https:\/\/siedlerverein-wittgensdorf.de\/wp-content\/uploads\/2021\/03\/PHOTO-2021-03-05-18-27-06-225x300.jpg 225w, https:\/\/siedlerverein-wittgensdorf.de\/wp-content\/uploads\/2021\/03\/PHOTO-2021-03-05-18-27-06-768x1024.jpg 768w, https:\/\/siedlerverein-wittgensdorf.de\/wp-content\/uploads\/2021\/03\/PHOTO-2021-03-05-18-27-06-1152x1536.jpg 1152w, https:\/\/siedlerverein-wittgensdorf.de\/wp-content\/uploads\/2021\/03\/PHOTO-2021-03-05-18-27-06.jpg 1200w\" sizes=\"(max-width: 475px) 100vw, 475px\" \/><figcaption id=\"caption-attachment-1066\" class=\"wp-caption-text\">Die W\u00e4nde werden verputzt, der Aufbau beginnt!<\/figcaption><\/figure>\n<p><img loading=\"lazy\" decoding=\"async\" class=\"aligncenter wp-image-1074 \" src=\"https:\/\/siedlerverein-wittgensdorf.de\/wp-content\/uploads\/2021\/05\/3d5c778b-011d-47c2-a9e4-a434da01b62a-225x300.jpg\" alt=\"\" width=\"478\" height=\"639\" \/><\/p>\n<p style=\"text-align: center;\">Auch die Zwischendecke wird neu.<\/p>\n<p>&nbsp;<\/p>\n<p><img loading=\"lazy\" decoding=\"async\" class=\"aligncenter wp-image-1072 \" src=\"https:\/\/siedlerverein-wittgensdorf.de\/wp-content\/uploads\/2021\/05\/d521f81e-9ff1-45be-9d28-f9e81d94ffae-225x300.jpg\" alt=\"\" width=\"473\" height=\"631\" srcset=\"https:\/\/siedlerverein-wittgensdorf.de\/wp-content\/uploads\/2021\/05\/d521f81e-9ff1-45be-9d28-f9e81d94ffae-225x300.jpg 225w, https:\/\/siedlerverein-wittgensdorf.de\/wp-content\/uploads\/2021\/05\/d521f81e-9ff1-45be-9d28-f9e81d94ffae.jpg 768w\" sizes=\"(max-width: 473px) 100vw, 473px\" \/><\/p>\n<p>&nbsp;<\/p>\n<p style=\"text-align: center;\">\n<p>&nbsp;<\/p>\n<p style=\"text-align: center;\"><img loading=\"lazy\" decoding=\"async\" class=\"aligncenter wp-image-1076 \" src=\"https:\/\/siedlerverein-wittgensdorf.de\/wp-content\/uploads\/2021\/05\/IMG_1111-225x300.jpg\" alt=\"\" width=\"477\" height=\"635\" srcset=\"https:\/\/siedlerverein-wittgensdorf.de\/wp-content\/uploads\/2021\/05\/IMG_1111-225x300.jpg 225w, https:\/\/siedlerverein-wittgensdorf.de\/wp-content\/uploads\/2021\/05\/IMG_1111-rotated.jpg 480w\" sizes=\"(max-width: 477px) 100vw, 477px\" \/><\/p>\n<p style=\"text-align: center;\">Hervorzuheben: Tatkr\u00e4ftige Unterst\u00fctzung durch Nachwuchshandwerker!<\/p>\n<p style=\"text-align: center;\"><img loading=\"lazy\" decoding=\"async\" class=\"aligncenter wp-image-1077 \" src=\"https:\/\/siedlerverein-wittgensdorf.de\/wp-content\/uploads\/2021\/05\/IMG_1099-225x300.jpg\" alt=\"\" width=\"476\" height=\"635\" srcset=\"https:\/\/siedlerverein-wittgensdorf.de\/wp-content\/uploads\/2021\/05\/IMG_1099-225x300.jpg 225w, https:\/\/siedlerverein-wittgensdorf.de\/wp-content\/uploads\/2021\/05\/IMG_1099-rotated.jpg 480w\" sizes=\"(max-width: 476px) 100vw, 476px\" \/><\/p>\n<p style=\"text-align: center;\">Neue Elektrik<\/p>\n<div class=\"mceTemp\"><\/div>\n<h1>Mai: Endspurt ..<\/h1>\n<p><img loading=\"lazy\" decoding=\"async\" class=\"aligncenter wp-image-1073 \" src=\"https:\/\/siedlerverein-wittgensdorf.de\/wp-content\/uploads\/2021\/05\/IMG_1272-225x300.jpg\" alt=\"\" width=\"336\" height=\"446\" \/><\/p>\n<h1>Und wie geht&#8217;s weiter?<\/h1>\n<p>&#8230; seid gespannt!<\/p>\n","protected":false},"excerpt":{"rendered":"<p>Aus Alt mach Neu! Vor fast 30 Jahren haben flei\u00dfige Vereinsmitglieder in vielen Arbeitsstunden die Sanit\u00e4rr\u00e4ume unseres Siedlerheims gebaut. Doch auch hier nagte der Zahn der Zeit sp\u00fcr- und sichtbar &#8211; eine Sanierung und Modernisierung wurde notwendig. Eigentlich waren die Arbeiten bereits f\u00fcr 2020 abgestimmt uns geplant, situationsbedingt mussten wir den Start aber weiter verschieben. &#8230; <a title=\"Sanierung und Renovierung der Sanit\u00e4rr\u00e4ume (Winter\/Fr\u00fchjahr 2021)\" class=\"read-more\" href=\"https:\/\/siedlerverein-wittgensdorf.de\/index.php\/sanierung-und-renovierung-sanitaerraeume\/\" aria-label=\"Mehr Informationen \u00fcber Sanierung und Renovierung der Sanit\u00e4rr\u00e4ume (Winter\/Fr\u00fchjahr 2021)\">Weiterlesen<\/a><\/p>\n","protected":false},"author":2,"featured_media":0,"parent":0,"menu_order":0,"comment_status":"closed","ping_status":"closed","template":"","meta":{"footnotes":""},"class_list":["post-1020","page","type-page","status-publish"],"_links":{"self":[{"href":"https:\/\/siedlerverein-wittgensdorf.de\/index.php\/wp-json\/wp\/v2\/pages\/1020"}],"collection":[{"href":"https:\/\/siedlerverein-wittgensdorf.de\/index.php\/wp-json\/wp\/v2\/pages"}],"about":[{"href":"https:\/\/siedlerverein-wittgensdorf.de\/index.php\/wp-json\/wp\/v2\/types\/page"}],"author":[{"embeddable":true,"href":"https:\/\/siedlerverein-wittgensdorf.de\/index.php\/wp-json\/wp\/v2\/users\/2"}],"replies":[{"embeddable":true,"href":"https:\/\/siedlerverein-wittgensdorf.de\/index.php\/wp-json\/wp\/v2\/comments?post=1020"}],"version-history":[{"count":22,"href":"https:\/\/siedlerverein-wittgensdorf.de\/index.php\/wp-json\/wp\/v2\/pages\/1020\/revisions"}],"predecessor-version":[{"id":1078,"href":"https:\/\/siedlerverein-wittgensdorf.de\/index.php\/wp-json\/wp\/v2\/pages\/1020\/revisions\/1078"}],"wp:attachment":[{"href":"https:\/\/siedlerverein-wittgensdorf.de\/index.php\/wp-json\/wp\/v2\/media?parent=1020"}],"curies":[{"name":"wp","href":"https:\/\/api.w.org\/{rel}","templated":true}]}}