{"id":1012,"date":"2021-01-23T12:35:04","date_gmt":"2021-01-23T11:35:04","guid":{"rendered":"https:\/\/siedlerverein-wittgensdorf.de\/?page_id=1012"},"modified":"2021-09-07T20:04:15","modified_gmt":"2021-09-07T18:04:15","slug":"veranstaltungen-2021","status":"publish","type":"page","link":"https:\/\/siedlerverein-wittgensdorf.de\/index.php\/veranstaltungen-2021\/","title":{"rendered":"Veranstaltungen 2021"},"content":{"rendered":"<p><strong>Veranstaltungsideen:<\/strong><\/p>\n<ul>\n<li>Jahreshauptversammlung mit Vorstandswahl<\/li>\n<li>gem\u00fctliche Skatabende , Skatturniere im Siedlerheim<\/li>\n<li>gem\u00fctliche Romm\u00e9abende im Siedlerheim<\/li>\n<li>Jugendveranstaltungen f\u00fcr die Siedlungsjugend ab 12 Jahren<\/li>\n<li><del>voraussichtlich <strong>11.9.2021:<\/strong> Wittgensdorfer Oktoberfest<\/del>\u00a0 \u00a0 <span style=\"color: #ff0000;\"><em>abgesagt<\/em><\/span><\/li>\n<li>voraussichtlich <strong>30.10.2021:<\/strong> Geisternacht<\/li>\n<li>voraussichtlich <strong>10.12.2021:<\/strong> Hutzenobnd &amp; Weihnachtsbasteln<\/li>\n<li>uvm.<\/li>\n<\/ul>\n<p>Weitere Ideen sind herzlich willkommen!<\/p>\n<p>&nbsp;<\/p>\n<p>Sobald wir wieder Planungssicherheiten haben, werden wir Termine ver\u00f6ffentlichen!<\/p>\n<p>&nbsp;<\/p>\n","protected":false},"excerpt":{"rendered":"<p>Veranstaltungsideen: Jahreshauptversammlung mit Vorstandswahl gem\u00fctliche Skatabende , Skatturniere im Siedlerheim gem\u00fctliche Romm\u00e9abende im Siedlerheim Jugendveranstaltungen f\u00fcr die Siedlungsjugend ab 12 Jahren voraussichtlich 11.9.2021: Wittgensdorfer Oktoberfest\u00a0 \u00a0 abgesagt voraussichtlich 30.10.2021: Geisternacht voraussichtlich 10.12.2021: Hutzenobnd &amp; Weihnachtsbasteln uvm. Weitere Ideen sind herzlich willkommen! &nbsp; Sobald wir wieder Planungssicherheiten haben, werden wir Termine ver\u00f6ffentlichen! &nbsp;<\/p>\n","protected":false},"author":2,"featured_media":0,"parent":0,"menu_order":0,"comment_status":"closed","ping_status":"closed","template":"","meta":{"footnotes":""},"class_list":["post-1012","page","type-page","status-publish"],"_links":{"self":[{"href":"https:\/\/siedlerverein-wittgensdorf.de\/index.php\/wp-json\/wp\/v2\/pages\/1012"}],"collection":[{"href":"https:\/\/siedlerverein-wittgensdorf.de\/index.php\/wp-json\/wp\/v2\/pages"}],"about":[{"href":"https:\/\/siedlerverein-wittgensdorf.de\/index.php\/wp-json\/wp\/v2\/types\/page"}],"author":[{"embeddable":true,"href":"https:\/\/siedlerverein-wittgensdorf.de\/index.php\/wp-json\/wp\/v2\/users\/2"}],"replies":[{"embeddable":true,"href":"https:\/\/siedlerverein-wittgensdorf.de\/index.php\/wp-json\/wp\/v2\/comments?post=1012"}],"version-history":[{"count":5,"href":"https:\/\/siedlerverein-wittgensdorf.de\/index.php\/wp-json\/wp\/v2\/pages\/1012\/revisions"}],"predecessor-version":[{"id":1115,"href":"https:\/\/siedlerverein-wittgensdorf.de\/index.php\/wp-json\/wp\/v2\/pages\/1012\/revisions\/1115"}],"wp:attachment":[{"href":"https:\/\/siedlerverein-wittgensdorf.de\/index.php\/wp-json\/wp\/v2\/media?parent=1012"}],"curies":[{"name":"wp","href":"https:\/\/api.w.org\/{rel}","templated":true}]}}