{"id":10,"date":"2018-10-29T22:01:44","date_gmt":"2018-10-29T21:01:44","guid":{"rendered":"https:\/\/siedlerverein-wittgensdorf.de\/?page_id=10"},"modified":"2025-01-08T16:06:26","modified_gmt":"2025-01-08T15:06:26","slug":"vermietung-verleih","status":"publish","type":"page","link":"https:\/\/siedlerverein-wittgensdorf.de\/index.php\/vermietung-verleih\/","title":{"rendered":"Vermietung &#038; Verleih"},"content":{"rendered":"<div class=\"text cf design-01\">\n<h2 class=\"text-content\">Siedlerheim<\/h2>\n<p>Es besteht die M\u00f6glichkeit unser Siedlerheim f\u00fcr private Feierlichkeiten zu mieten. Eine umfangreiche Ausstattung an Sitzgelegenheiten, Tischen, Gl\u00e4sern und eine eigene Zapfanlage ist vorhanden.<\/p>\n<div class=\"text-content\">\n<p>Kontaktieren Sie uns einfach.<\/p>\n<\/div>\n<p>F\u00fcr Vermietungsanfragen senden Sie uns eine E-Mail (<a href=\"mailto:vermietung@siedlerverein-wittgensdorf.de\">vermietung@siedlerverein-wittgensdorf.de<\/a>) oder wenden Sie sich an Herr Udo Irmscher, telefonisch unter 037200 88842.<\/p>\n<p><img loading=\"lazy\" decoding=\"async\" class=\"aligncenter wp-image-1091 size-large\" src=\"https:\/\/siedlerverein-wittgensdorf.de\/wp-content\/uploads\/2021\/06\/IMG_481027993-1024x768.jpg\" alt=\"\" width=\"1024\" height=\"768\" srcset=\"https:\/\/siedlerverein-wittgensdorf.de\/wp-content\/uploads\/2021\/06\/IMG_481027993-1024x768.jpg 1024w, https:\/\/siedlerverein-wittgensdorf.de\/wp-content\/uploads\/2021\/06\/IMG_481027993-300x225.jpg 300w, https:\/\/siedlerverein-wittgensdorf.de\/wp-content\/uploads\/2021\/06\/IMG_481027993-768x576.jpg 768w, https:\/\/siedlerverein-wittgensdorf.de\/wp-content\/uploads\/2021\/06\/IMG_481027993-1536x1152.jpg 1536w, https:\/\/siedlerverein-wittgensdorf.de\/wp-content\/uploads\/2021\/06\/IMG_481027993-2048x1536.jpg 2048w\" sizes=\"(max-width: 1024px) 100vw, 1024px\" \/><\/p>\n<p>Im Vorfeld der Anmietung \/ Terminreservierung verpflichetet sich der Mieter durch seine Unterschrift zur Einhaltung unserer Nutzungsbedingungen<\/p>\n<p><a href=\"https:\/\/siedlerverein-wittgensdorf.de\/wp-content\/uploads\/2025\/01\/Nutzungsbedingungen-2025.pdf\">Nutzungsbedingungen 2025<\/a><\/p>\n<p>Diese sind ausgdruckt und unterschrieben zusammen mit dem Mietvertrag zur\u00fcck an Fam. Irmscher zu schicken.<\/p>\n<p><a href=\"https:\/\/siedlerverein-wittgensdorf.de\/wp-content\/uploads\/2025\/01\/Mietvertrag-2025.pdf\">Mietvertrag 2025<\/a><\/p>\n<h2>Biertischgarnituren<\/h2>\n<div class=\"text-content\">\n<p>Gern k\u00f6nnen auch Sie Biertischgarnituren, Grills und Anderes f\u00fcr Ihre Veranstaltung ausleihen. Eine \u00dcbersicht findet sich hier.<\/p>\n<p><a href=\"https:\/\/siedlerverein-wittgensdorf.de\/wp-content\/uploads\/2025\/01\/Beiblatt-fuer-Vermietung-2025.pdf\">Beiblatt f\u00fcr Vermietung 2025<\/a><\/p>\n<\/div>\n<p>&nbsp;<\/p>\n<\/div>\n","protected":false},"excerpt":{"rendered":"<p>Siedlerheim Es besteht die M\u00f6glichkeit unser Siedlerheim f\u00fcr private Feierlichkeiten zu mieten. Eine umfangreiche Ausstattung an Sitzgelegenheiten, Tischen, Gl\u00e4sern und eine eigene Zapfanlage ist vorhanden. Kontaktieren Sie uns einfach. F\u00fcr Vermietungsanfragen senden Sie uns eine E-Mail (vermietung@siedlerverein-wittgensdorf.de) oder wenden Sie sich an Herr Udo Irmscher, telefonisch unter 037200 88842. Im Vorfeld der Anmietung \/ Terminreservierung &#8230; <a title=\"Vermietung &#038; Verleih\" class=\"read-more\" href=\"https:\/\/siedlerverein-wittgensdorf.de\/index.php\/vermietung-verleih\/\" aria-label=\"Mehr Informationen \u00fcber Vermietung &#038; Verleih\">Weiterlesen<\/a><\/p>\n","protected":false},"author":2,"featured_media":0,"parent":0,"menu_order":0,"comment_status":"closed","ping_status":"closed","template":"","meta":{"footnotes":""},"class_list":["post-10","page","type-page","status-publish"],"_links":{"self":[{"href":"https:\/\/siedlerverein-wittgensdorf.de\/index.php\/wp-json\/wp\/v2\/pages\/10"}],"collection":[{"href":"https:\/\/siedlerverein-wittgensdorf.de\/index.php\/wp-json\/wp\/v2\/pages"}],"about":[{"href":"https:\/\/siedlerverein-wittgensdorf.de\/index.php\/wp-json\/wp\/v2\/types\/page"}],"author":[{"embeddable":true,"href":"https:\/\/siedlerverein-wittgensdorf.de\/index.php\/wp-json\/wp\/v2\/users\/2"}],"replies":[{"embeddable":true,"href":"https:\/\/siedlerverein-wittgensdorf.de\/index.php\/wp-json\/wp\/v2\/comments?post=10"}],"version-history":[{"count":21,"href":"https:\/\/siedlerverein-wittgensdorf.de\/index.php\/wp-json\/wp\/v2\/pages\/10\/revisions"}],"predecessor-version":[{"id":1479,"href":"https:\/\/siedlerverein-wittgensdorf.de\/index.php\/wp-json\/wp\/v2\/pages\/10\/revisions\/1479"}],"wp:attachment":[{"href":"https:\/\/siedlerverein-wittgensdorf.de\/index.php\/wp-json\/wp\/v2\/media?parent=10"}],"curies":[{"name":"wp","href":"https:\/\/api.w.org\/{rel}","templated":true}]}}